{"id":6,"date":"2018-08-22T12:58:08","date_gmt":"2018-08-22T10:58:08","guid":{"rendered":"http:\/\/www.m-blass.de\/?page_id=6"},"modified":"2020-07-06T22:55:32","modified_gmt":"2020-07-06T20:55:32","slug":"startseite","status":"publish","type":"page","link":"https:\/\/www.m-blass.de\/","title":{"rendered":"Startseite"},"content":{"rendered":"<div id=\"pl-6\"  class=\"panel-layout\" ><div id=\"pg-6-0\"  class=\"panel-grid panel-has-style\" ><div class=\"siteorigin-panels-stretch panel-row-style panel-row-style-for-6-0\" style=\"background-image: url(https:\/\/www.m-blass.de\/wp-content\/uploads\/2018\/08\/spider2-e1536302133708.jpg);padding: 100px 0; \" data-stretch-type=\"full-stretched\" data-hasbg=\"hasbg\" data-overlay=\"true\" data-overlay-color=\"#000000\" ><div id=\"pgc-6-0-0\"  class=\"panel-grid-cell\" ><div id=\"panel-6-0-0-0\" class=\"so-panel widget widget_sow-editor panel-first-child\" data-index=\"0\" ><div style=\"text-align: left;\" data-title-color=\"#443f3f\" data-headings-color=\"#443f3f\" class=\"panel-widget-style panel-widget-style-for-6-0-0-0\" ><div class=\"so-widget-sow-editor so-widget-sow-editor-base\">\n<div class=\"siteorigin-widget-tinymce textwidget\">\n\t<h1 style=\"text-align: center;\"><span style=\"color: #ffffff;\">Bla\u00df Office- Internetberatung<\/span><\/h1>\n<h3 style=\"text-align: center;\"><span style=\"color: #ffffff;\">Web-L\u00f6sungen speziell f\u00fcr Sie<\/span><\/h3>\n<\/div>\n<\/div><\/div><\/div><div id=\"panel-6-0-0-1\" class=\"so-panel widget widget_sow-button panel-last-child\" data-index=\"1\" ><div style=\"text-align: left;\" data-title-color=\"#443f3f\" data-headings-color=\"#443f3f\" class=\"panel-widget-style panel-widget-style-for-6-0-0-1\" ><div class=\"so-widget-sow-button so-widget-sow-button-atom-12a3d255cdbe\"><div class=\"ow-button-base ow-button-align-center\">\n\t<a href=\"https:\/\/www.m-blass.de\/?page_id=14\" class=\"ow-icon-placement-left ow-button-hover\" \t\t>\n\t\t<span>\n\t\t\t\n\t\t\tKontakt\t\t<\/span>\n\t<\/a>\n<\/div>\n<\/div><\/div><\/div><\/div><\/div><\/div><div id=\"pg-6-1\"  class=\"panel-grid panel-has-style\" ><div style=\"padding: 20px 0; \" data-overlay=\"true\" data-overlay-color=\"#000000\" class=\"panel-row-style panel-row-style-for-6-1\" ><div id=\"pgc-6-1-0\"  class=\"panel-grid-cell\" ><div id=\"panel-6-1-0-0\" class=\"so-panel widget widget_sow-editor panel-first-child\" data-index=\"2\" ><div style=\"text-align: left;\" data-title-color=\"#443f3f\" data-headings-color=\"#443f3f\" class=\"panel-widget-style panel-widget-style-for-6-1-0-0\" ><div class=\"so-widget-sow-editor so-widget-sow-editor-base\">\n<div class=\"siteorigin-widget-tinymce textwidget\">\n\t<p style=\"text-align: center;\"><img loading=\"lazy\" class=\"aligncenter wp-image-190\" src=\"http:\/\/www.m-blass.de\/wp-content\/uploads\/2018\/08\/1-1.png\" alt=\"\" width=\"100\" height=\"100\" srcset=\"https:\/\/www.m-blass.de\/wp-content\/uploads\/2018\/08\/1-1.png 200w, https:\/\/www.m-blass.de\/wp-content\/uploads\/2018\/08\/1-1-150x150.png 150w\" sizes=\"(max-width: 100px) 100vw, 100px\" \/>Konzepte<\/p>\n<\/div>\n<\/div><\/div><\/div><div id=\"panel-6-1-0-1\" class=\"so-panel widget widget_sow-button panel-last-child\" data-index=\"3\" ><div style=\"text-align: left;\" data-title-color=\"#443f3f\" data-headings-color=\"#443f3f\" class=\"panel-widget-style panel-widget-style-for-6-1-0-1\" ><div class=\"so-widget-sow-button so-widget-sow-button-atom-12a3d255cdbe\"><div class=\"ow-button-base ow-button-align-center\">\n\t<a href=\"\/konzepte\" class=\"ow-icon-placement-left ow-button-hover\" \t\t>\n\t\t<span>\n\t\t\t\n\t\t\tvon 0 auf 100 zum Internetauftritt\t\t<\/span>\n\t<\/a>\n<\/div>\n<\/div><\/div><\/div><\/div><div id=\"pgc-6-1-1\"  class=\"panel-grid-cell\" ><div id=\"panel-6-1-1-0\" class=\"so-panel widget widget_sow-editor panel-first-child\" data-index=\"4\" ><div style=\"text-align: left;\" data-title-color=\"#443f3f\" data-headings-color=\"#443f3f\" class=\"panel-widget-style panel-widget-style-for-6-1-1-0\" ><div class=\"so-widget-sow-editor so-widget-sow-editor-base\">\n<div class=\"siteorigin-widget-tinymce textwidget\">\n\t<p style=\"text-align: center;\"><img loading=\"lazy\" class=\"aligncenter wp-image-176\" src=\"http:\/\/www.m-blass.de\/wp-content\/uploads\/2018\/08\/desktop-und-mobile.png\" alt=\"\" width=\"171\" height=\"100\" srcset=\"https:\/\/www.m-blass.de\/wp-content\/uploads\/2018\/08\/desktop-und-mobile.png 289w, https:\/\/www.m-blass.de\/wp-content\/uploads\/2018\/08\/desktop-und-mobile-230x134.png 230w\" sizes=\"(max-width: 171px) 100vw, 171px\" \/>Design<\/p>\n<\/div>\n<\/div><\/div><\/div><div id=\"panel-6-1-1-1\" class=\"so-panel widget widget_sow-button panel-last-child\" data-index=\"5\" ><div style=\"text-align: left;\" data-title-color=\"#443f3f\" data-headings-color=\"#443f3f\" class=\"panel-widget-style panel-widget-style-for-6-1-1-1\" ><div class=\"so-widget-sow-button so-widget-sow-button-atom-12a3d255cdbe\"><div class=\"ow-button-base ow-button-align-center\">\n\t<a href=\"https:\/\/www.m-blass.de\/?page_id=173\" class=\"ow-icon-placement-left ow-button-hover\" \t\t>\n\t\t<span>\n\t\t\t\n\t\t\tFrisch, modern und responsive\t\t<\/span>\n\t<\/a>\n<\/div>\n<\/div><\/div><\/div><\/div><div id=\"pgc-6-1-2\"  class=\"panel-grid-cell\" ><div id=\"panel-6-1-2-0\" class=\"so-panel widget widget_sow-editor panel-first-child\" data-index=\"6\" ><div style=\"text-align: left;\" data-title-color=\"#443f3f\" data-headings-color=\"#443f3f\" class=\"panel-widget-style panel-widget-style-for-6-1-2-0\" ><div class=\"so-widget-sow-editor so-widget-sow-editor-base\">\n<div class=\"siteorigin-widget-tinymce textwidget\">\n\t<p style=\"text-align: center;\"><img loading=\"lazy\" class=\"wp-image-196 aligncenter\" src=\"http:\/\/www.m-blass.de\/wp-content\/uploads\/2018\/08\/2-1.png\" alt=\"\" width=\"100\" height=\"100\" srcset=\"https:\/\/www.m-blass.de\/wp-content\/uploads\/2018\/08\/2-1.png 200w, https:\/\/www.m-blass.de\/wp-content\/uploads\/2018\/08\/2-1-150x150.png 150w\" sizes=\"(max-width: 100px) 100vw, 100px\" \/>Programmierung<\/p>\n<\/div>\n<\/div><\/div><\/div><div id=\"panel-6-1-2-1\" class=\"so-panel widget widget_sow-button panel-last-child\" data-index=\"7\" ><div style=\"text-align: left;\" data-title-color=\"#443f3f\" data-headings-color=\"#443f3f\" class=\"panel-widget-style panel-widget-style-for-6-1-2-1\" ><div class=\"so-widget-sow-button so-widget-sow-button-atom-12a3d255cdbe\"><div class=\"ow-button-base ow-button-align-center\">\n\t<a href=\"https:\/\/www.m-blass.de\/?page_id=171\" class=\"ow-icon-placement-left ow-button-hover\" \t\t>\n\t\t<span>\n\t\t\t\n\t\t\tAnwendungen und Datenbanken\t\t<\/span>\n\t<\/a>\n<\/div>\n<\/div><\/div><\/div><\/div><div id=\"pgc-6-1-3\"  class=\"panel-grid-cell\" ><div id=\"panel-6-1-3-0\" class=\"so-panel widget widget_sow-editor panel-first-child\" data-index=\"8\" ><div style=\"text-align: left;\" data-title-color=\"#443f3f\" data-headings-color=\"#443f3f\" class=\"panel-widget-style panel-widget-style-for-6-1-3-0\" ><div class=\"so-widget-sow-editor so-widget-sow-editor-base\">\n<div class=\"siteorigin-widget-tinymce textwidget\">\n\t<p style=\"text-align: center;\"><img loading=\"lazy\" class=\"wp-image-194 aligncenter\" src=\"http:\/\/www.m-blass.de\/wp-content\/uploads\/2018\/08\/3-1.png\" alt=\"\" width=\"100\" height=\"100\" srcset=\"https:\/\/www.m-blass.de\/wp-content\/uploads\/2018\/08\/3-1.png 200w, https:\/\/www.m-blass.de\/wp-content\/uploads\/2018\/08\/3-1-150x150.png 150w\" sizes=\"(max-width: 100px) 100vw, 100px\" \/>Google<\/p>\n<\/div>\n<\/div><\/div><\/div><div id=\"panel-6-1-3-1\" class=\"so-panel widget widget_sow-button panel-last-child\" data-index=\"9\" ><div style=\"text-align: left;\" data-title-color=\"#443f3f\" data-headings-color=\"#443f3f\" class=\"panel-widget-style panel-widget-style-for-6-1-3-1\" ><div class=\"so-widget-sow-button so-widget-sow-button-atom-12a3d255cdbe\"><div class=\"ow-button-base ow-button-align-center\">\n\t<a href=\"https:\/\/www.m-blass.de\/?page_id=100\" class=\"ow-icon-placement-left ow-button-hover\" \t\t>\n\t\t<span>\n\t\t\t\n\t\t\tAdwords &amp; Auffindbarkeit\t\t<\/span>\n\t<\/a>\n<\/div>\n<\/div><\/div><\/div><\/div><div id=\"pgc-6-1-4\"  class=\"panel-grid-cell\" ><div id=\"panel-6-1-4-0\" class=\"so-panel widget widget_sow-editor panel-first-child\" data-index=\"10\" ><div style=\"text-align: left;\" data-title-color=\"#443f3f\" data-headings-color=\"#443f3f\" class=\"panel-widget-style panel-widget-style-for-6-1-4-0\" ><div class=\"so-widget-sow-editor so-widget-sow-editor-base\">\n<div class=\"siteorigin-widget-tinymce textwidget\">\n\t<p style=\"text-align: center;\"><img loading=\"lazy\" class=\"alignnone wp-image-195\" src=\"http:\/\/www.m-blass.de\/wp-content\/uploads\/2018\/08\/4-1.png\" alt=\"\" width=\"100\" height=\"100\" srcset=\"https:\/\/www.m-blass.de\/wp-content\/uploads\/2018\/08\/4-1.png 200w, https:\/\/www.m-blass.de\/wp-content\/uploads\/2018\/08\/4-1-150x150.png 150w\" sizes=\"(max-width: 100px) 100vw, 100px\" \/><br \/>\nIntranet<\/p>\n<\/div>\n<\/div><\/div><\/div><div id=\"panel-6-1-4-1\" class=\"so-panel widget widget_sow-button panel-last-child\" data-index=\"11\" ><div style=\"text-align: left;\" data-title-color=\"#443f3f\" data-headings-color=\"#443f3f\" class=\"panel-widget-style panel-widget-style-for-6-1-4-1\" ><div class=\"so-widget-sow-button so-widget-sow-button-atom-12a3d255cdbe\"><div class=\"ow-button-base ow-button-align-center\">\n\t<a href=\"https:\/\/www.m-blass.de\/?page_id=102\" class=\"ow-icon-placement-left ow-button-hover\" \t\t>\n\t\t<span>\n\t\t\t\n\t\t\tWWW f\u00fcr Mitarbeiter\t\t<\/span>\n\t<\/a>\n<\/div>\n<\/div><\/div><\/div><\/div><\/div><\/div><div id=\"pg-6-2\"  class=\"panel-grid panel-has-style\" ><div class=\"siteorigin-panels-stretch panel-row-style panel-row-style-for-6-2\" style=\"padding: 50px 0; \" data-stretch-type=\"full-stretched\" data-overlay=\"true\" data-overlay-color=\"#000000\" ><div id=\"pgc-6-2-0\"  class=\"panel-grid-cell\" ><div id=\"panel-6-2-0-0\" class=\"so-panel widget widget_sow-editor panel-first-child panel-last-child\" data-index=\"12\" ><div style=\"text-align: center;\" data-title-color=\"#ffffff\" data-headings-color=\"#443f3f\" class=\"panel-widget-style panel-widget-style-for-6-2-0-0\" ><div class=\"so-widget-sow-editor so-widget-sow-editor-base\"><h3 class=\"widget-title\">Von der Idee zum fertigen Web-Auftritt<\/h3>\n<div class=\"siteorigin-widget-tinymce textwidget\">\n\t<div class=\"textwidget\">\n<ul>\n<li style=\"text-align: left;\">Wir liefern Konzepte f\u00fcr die Realisierung Ihres Internetauftrittes<\/li>\n<li style=\"text-align: left;\">Wir gestalten Ihren Internetauftritt und machen ihn auf mobilen Ger\u00e4ten lesbar (responsive design)<\/li>\n<li style=\"text-align: left;\">Wir\u00a0programmieren kleinere Datenbankanwendungen<\/li>\n<li style=\"text-align: left;\">Wir sorgen f\u00fcr eine bessere Auffindbarkeit bei Google (SEO) und erstellen Adwords-Kampagnen<\/li>\n<li style=\"text-align: left;\">Wir konzipieren und erstellen Ihr unternehmenseigenes Intranet<\/li>\n<li style=\"text-align: left;\">Wir erstellen Ihren Unternehmensfilm und Bilder f\u00fcr Ihren Web-Auftritt<\/li>\n<\/ul>\n<\/div>\n<\/div>\n<\/div><\/div><\/div><\/div><\/div><\/div><\/div>","protected":false},"excerpt":{"rendered":"<p>Bla\u00df Office- Internetberatung Web-L\u00f6sungen speziell f\u00fcr Sie Konzepte Design Programmierung Google Intranet<\/p>\n","protected":false},"author":1,"featured_media":0,"parent":0,"menu_order":0,"comment_status":"closed","ping_status":"closed","template":"page-templates\/page_front-page.php","meta":[],"_links":{"self":[{"href":"https:\/\/www.m-blass.de\/index.php?rest_route=\/wp\/v2\/pages\/6"}],"collection":[{"href":"https:\/\/www.m-blass.de\/index.php?rest_route=\/wp\/v2\/pages"}],"about":[{"href":"https:\/\/www.m-blass.de\/index.php?rest_route=\/wp\/v2\/types\/page"}],"author":[{"embeddable":true,"href":"https:\/\/www.m-blass.de\/index.php?rest_route=\/wp\/v2\/users\/1"}],"replies":[{"embeddable":true,"href":"https:\/\/www.m-blass.de\/index.php?rest_route=%2Fwp%2Fv2%2Fcomments&post=6"}],"version-history":[{"count":87,"href":"https:\/\/www.m-blass.de\/index.php?rest_route=\/wp\/v2\/pages\/6\/revisions"}],"predecessor-version":[{"id":559,"href":"https:\/\/www.m-blass.de\/index.php?rest_route=\/wp\/v2\/pages\/6\/revisions\/559"}],"wp:attachment":[{"href":"https:\/\/www.m-blass.de\/index.php?rest_route=%2Fwp%2Fv2%2Fmedia&parent=6"}],"curies":[{"name":"wp","href":"https:\/\/api.w.org\/{rel}","templated":true}]}}