{"id":173,"date":"2018-08-29T01:44:32","date_gmt":"2018-08-28T23:44:32","guid":{"rendered":"http:\/\/www.m-blass.de\/?page_id=173"},"modified":"2018-09-05T18:21:05","modified_gmt":"2018-09-05T16:21:05","slug":"design","status":"publish","type":"page","link":"https:\/\/www.m-blass.de\/?page_id=173","title":{"rendered":"Design"},"content":{"rendered":"<div id=\"pl-173\"  class=\"panel-layout\" ><div id=\"pg-173-0\"  class=\"panel-grid panel-has-style\" ><div class=\"siteorigin-panels-stretch mob-pad-0 panel-row-style panel-row-style-for-173-0\" style=\"background-image: url(https:\/\/www.m-blass.de\/wp-content\/uploads\/2018\/08\/design-header.jpg);padding: 100px 0; \" data-stretch-type=\"full-stretched\" data-hasbg=\"hasbg\" data-overlay=\"true\" data-overlay-color=\"#000000\" ><div id=\"pgc-173-0-0\"  class=\"panel-grid-cell\" ><div id=\"panel-173-0-0-0\" class=\"so-panel widget widget_black-studio-tinymce widget_black_studio_tinymce panel-first-child panel-last-child\" data-index=\"0\" ><div style=\"text-align: left;\" data-title-color=\"#443f3f\" data-headings-color=\"#443f3f\" class=\"panel-widget-style panel-widget-style-for-173-0-0-0\" ><div class=\"textwidget\"><h2 style=\"text-align: center;\"><span style=\"color: #ffffff;\">Design -<\/span><\/h2>\n<h3 style=\"text-align: center;\"><span style=\"color: #ffffff;\">Ihr Webauftritt bekommt ein Gesicht<\/span><\/h3>\n<\/div><\/div><\/div><\/div><\/div><\/div><div id=\"pg-173-1\"  class=\"panel-grid panel-has-style\" ><div class=\"siteorigin-panels-stretch mob-pad-0 panel-row-style panel-row-style-for-173-1\" style=\"padding: 0px 0; \" data-stretch-type=\"full-stretched\" data-overlay=\"true\" data-overlay-color=\"#000000\" ><div id=\"pgc-173-1-0\"  class=\"panel-grid-cell\" ><div id=\"panel-173-1-0-0\" class=\"so-panel widget widget_black-studio-tinymce widget_black_studio_tinymce panel-first-child panel-last-child\" data-index=\"1\" ><div style=\"text-align: left;\" data-title-color=\"#443f3f\" data-headings-color=\"#443f3f\" class=\"panel-widget-style panel-widget-style-for-173-1-0-0\" ><div class=\"textwidget\"><p><img class=\"alignnone wp-image-260 size-full\" src=\"http:\/\/www.m-blass.de\/wp-content\/uploads\/2018\/08\/design-1.jpg\" alt=\"\" width=\"1600\" height=\"900\" \/><\/p>\n<\/div><\/div><\/div><\/div><div id=\"pgc-173-1-1\"  class=\"panel-grid-cell\" ><div id=\"panel-173-1-1-0\" class=\"so-panel widget widget_black-studio-tinymce widget_black_studio_tinymce panel-first-child panel-last-child\" data-index=\"2\" ><div style=\"text-align: left;\" data-title-color=\"#443f3f\" data-headings-color=\"#443f3f\" class=\"panel-widget-style panel-widget-style-for-173-1-1-0\" ><div class=\"textwidget\"><h4 style=\"text-align: center;\">Das Auge isst mit<\/h4>\n<p>Sie kennen das sicher:<br \/>\nSie sehen ein Bild oder eine Werbung und wenden sich gleich wieder ab. <strong>Uninteressant<\/strong>, langweilig.<br \/>\nOder aber Sie bleiben h\u00e4ngen, weil es Sie <strong>direkt anspricht<\/strong> oder mindestens gef\u00e4llt.<\/p>\n<p>Genauso verh\u00e4lt es sich beim Online-Auftritt. Die Konkurrenz ist gro\u00df und die Produkte sind \u00e4hnlich. Deshalb ist der <strong>erste Eindruck wichtig<\/strong>, wie so oft. Mit einem <strong>modernen<\/strong>, optisch <strong>ansprechenden<\/strong> und <strong>informativen<\/strong> Online-Auftritt bleiben die potenziellen Kunden auf Ihrer Seite und lernen <strong>Ihre Botschaft<\/strong> kennen.<\/p>\n<\/div><\/div><\/div><\/div><\/div><\/div><div id=\"pg-173-2\"  class=\"panel-grid panel-has-style\" ><div class=\"siteorigin-panels-stretch mob-pad-0 panel-row-style panel-row-style-for-173-2\" style=\"padding: 0px 0; \" data-stretch-type=\"full-stretched\" data-overlay=\"true\" data-overlay-color=\"#000000\" ><div id=\"pgc-173-2-0\"  class=\"panel-grid-cell\" ><div id=\"panel-173-2-0-0\" class=\"so-panel widget widget_black-studio-tinymce widget_black_studio_tinymce panel-first-child\" data-index=\"3\" ><div style=\"text-align: left;\" data-title-color=\"#443f3f\" data-headings-color=\"#443f3f\" class=\"panel-widget-style panel-widget-style-for-173-2-0-0\" ><div class=\"textwidget\"><h4 style=\"text-align: center;\">Aussehen ist nicht alles -<br \/>\nes z\u00e4hlen auch die inneren Werte<\/h4>\n<p>Nicht nur ein frisches Design ist wichtig, es kommt auch auf eine <strong>klare Navigation<\/strong> und <strong>aktuelle, auffindbare<\/strong> und gut <strong>lesbare Inhalte<\/strong> an. Wir strukturieren Ihre Botschaften und bereiten sie <strong>online-gerecht<\/strong> auf.<\/p>\n<\/div><\/div><\/div><div id=\"panel-173-2-0-1\" class=\"so-panel widget widget_sow-button panel-last-child\" data-index=\"4\" ><div style=\"text-align: left;\" data-title-color=\"#443f3f\" data-headings-color=\"#443f3f\" class=\"panel-widget-style panel-widget-style-for-173-2-0-1\" ><div class=\"so-widget-sow-button so-widget-sow-button-atom-4a75a8acc3b6\"><div class=\"ow-button-base ow-button-align-center\">\n\t<a href=\"\/kontakt\" class=\"ow-icon-placement-left ow-button-hover\" \t\t>\n\t\t<span>\n\t\t\t<span class=\"sow-icon-fontawesome sow-far\" data-sow-icon=\"&#xf2b5;\"\n\t\t ><\/span>\n\t\t\tJetzt kontaktieren\t\t<\/span>\n\t<\/a>\n<\/div>\n<\/div><\/div><\/div><\/div><div id=\"pgc-173-2-1\"  class=\"panel-grid-cell\" ><div id=\"panel-173-2-1-0\" class=\"so-panel widget widget_black-studio-tinymce widget_black_studio_tinymce panel-first-child panel-last-child\" data-index=\"5\" ><div style=\"text-align: left;\" data-title-color=\"#443f3f\" data-headings-color=\"#443f3f\" class=\"panel-widget-style panel-widget-style-for-173-2-1-0\" ><div class=\"textwidget\"><p><img class=\"alignnone wp-image-259 size-full\" src=\"http:\/\/www.m-blass.de\/wp-content\/uploads\/2018\/08\/design-2.jpg\" alt=\"\" width=\"1600\" height=\"900\" \/><\/p>\n<\/div><\/div><\/div><\/div><\/div><\/div><\/div>","protected":false},"excerpt":{"rendered":"<p>Design &#8211; Ihr Webauftritt bekommt ein Gesicht Das Auge isst mit Sie kennen das sicher: Sie sehen ein Bild oder eine Werbung und wenden sich gleich wieder ab. Uninteressant, langweilig. Oder aber Sie bleiben h\u00e4ngen, weil es Sie direkt anspricht oder mindestens gef\u00e4llt. Genauso verh\u00e4lt es sich beim Online-Auftritt. Die Konkurrenz ist gro\u00df und die [&hellip;]<\/p>\n","protected":false},"author":1,"featured_media":0,"parent":0,"menu_order":0,"comment_status":"closed","ping_status":"closed","template":"page-templates\/page_front-page.php","meta":[],"_links":{"self":[{"href":"https:\/\/www.m-blass.de\/index.php?rest_route=\/wp\/v2\/pages\/173"}],"collection":[{"href":"https:\/\/www.m-blass.de\/index.php?rest_route=\/wp\/v2\/pages"}],"about":[{"href":"https:\/\/www.m-blass.de\/index.php?rest_route=\/wp\/v2\/types\/page"}],"author":[{"embeddable":true,"href":"https:\/\/www.m-blass.de\/index.php?rest_route=\/wp\/v2\/users\/1"}],"replies":[{"embeddable":true,"href":"https:\/\/www.m-blass.de\/index.php?rest_route=%2Fwp%2Fv2%2Fcomments&post=173"}],"version-history":[{"count":19,"href":"https:\/\/www.m-blass.de\/index.php?rest_route=\/wp\/v2\/pages\/173\/revisions"}],"predecessor-version":[{"id":419,"href":"https:\/\/www.m-blass.de\/index.php?rest_route=\/wp\/v2\/pages\/173\/revisions\/419"}],"wp:attachment":[{"href":"https:\/\/www.m-blass.de\/index.php?rest_route=%2Fwp%2Fv2%2Fmedia&parent=173"}],"curies":[{"name":"wp","href":"https:\/\/api.w.org\/{rel}","templated":true}]}}