{"id":171,"date":"2018-08-29T01:44:17","date_gmt":"2018-08-28T23:44:17","guid":{"rendered":"http:\/\/www.m-blass.de\/?page_id=171"},"modified":"2018-09-05T18:40:13","modified_gmt":"2018-09-05T16:40:13","slug":"programmierung","status":"publish","type":"page","link":"https:\/\/www.m-blass.de\/?page_id=171","title":{"rendered":"Programmierung"},"content":{"rendered":"<div id=\"pl-171\"  class=\"panel-layout\" ><div id=\"pg-171-0\"  class=\"panel-grid panel-has-style\" ><div class=\"siteorigin-panels-stretch panel-row-style panel-row-style-for-171-0\" style=\"background-image: url(https:\/\/www.m-blass.de\/wp-content\/uploads\/2018\/08\/programmierung-header-1.jpg);padding: 100px 0; \" data-stretch-type=\"full-stretched\" data-hasbg=\"hasbg\" data-overlay=\"true\" data-overlay-color=\"#000000\" ><div id=\"pgc-171-0-0\"  class=\"panel-grid-cell\" ><div id=\"panel-171-0-0-0\" class=\"so-panel widget widget_black-studio-tinymce widget_black_studio_tinymce panel-first-child panel-last-child\" data-index=\"0\" ><div style=\"text-align: left;\" data-title-color=\"#443f3f\" data-headings-color=\"#443f3f\" class=\"panel-widget-style panel-widget-style-for-171-0-0-0\" ><div class=\"textwidget\"><h2 style=\"text-align: center;\"><span style=\"color: #ffffff;\">Programmierung -<\/span><\/h2>\n<h3 style=\"text-align: center;\"><span style=\"color: #ffffff;\">alles f\u00fcr den Kunden<\/span><\/h3>\n<\/div><\/div><\/div><\/div><\/div><\/div><div id=\"pg-171-1\"  class=\"panel-grid panel-has-style\" ><div class=\"siteorigin-panels-stretch mob-pad-0 panel-row-style panel-row-style-for-171-1\" style=\"padding: 0px 0; \" data-stretch-type=\"full-stretched\" data-overlay=\"true\" data-overlay-color=\"#000000\" ><div id=\"pgc-171-1-0\"  class=\"panel-grid-cell\" ><div id=\"panel-171-1-0-0\" class=\"so-panel widget widget_black-studio-tinymce widget_black_studio_tinymce panel-first-child panel-last-child\" data-index=\"1\" ><div style=\"text-align: left;\" data-title-color=\"#443f3f\" data-headings-color=\"#443f3f\" class=\"panel-widget-style panel-widget-style-for-171-1-0-0\" ><div class=\"textwidget\"><p><img class=\"alignnone wp-image-274 size-full\" src=\"http:\/\/www.m-blass.de\/wp-content\/uploads\/2018\/08\/programmierung-1.jpg\" alt=\"\" width=\"1600\" height=\"900\" \/><\/p>\n<\/div><\/div><\/div><\/div><div id=\"pgc-171-1-1\"  class=\"panel-grid-cell\" ><div id=\"panel-171-1-1-0\" class=\"so-panel widget widget_black-studio-tinymce widget_black_studio_tinymce panel-first-child panel-last-child\" data-index=\"2\" ><div style=\"text-align: left;\" data-title-color=\"#443f3f\" data-headings-color=\"#443f3f\" class=\"panel-widget-style panel-widget-style-for-171-1-1-0\" ><div class=\"textwidget\"><h4 style=\"text-align: center;\">Es gibt f\u00fcr alles eine L\u00f6sung<\/h4>\n<p>H\u00e4ufig gibt es f\u00fcr die eigene Anforderung keine Standardl\u00f6sung. Oder es gibt sie und sie ist zu komplex oder zu teuer.<\/p>\n<p>Beschreiben Sie uns Ihre Anforderung und wir finden gemeinsam eine L\u00f6sung. Dies kann, insbesondere bei Datenbankanwendungen, eine individuelle Programmierung sein, aber auch die Empfehlung f\u00fcr das eine oder andere existierende Produkt.<\/p>\n<\/div><\/div><\/div><\/div><\/div><\/div><div id=\"pg-171-2\"  class=\"panel-grid panel-has-style\" ><div class=\"siteorigin-panels-stretch mob-pad-0 panel-row-style panel-row-style-for-171-2\" style=\"padding: 0px 0; \" data-stretch-type=\"full-stretched\" data-overlay=\"true\" data-overlay-color=\"#000000\" ><div id=\"pgc-171-2-0\"  class=\"panel-grid-cell\" ><div id=\"panel-171-2-0-0\" class=\"so-panel widget widget_black-studio-tinymce widget_black_studio_tinymce panel-first-child\" data-index=\"3\" ><div style=\"text-align: left;\" data-title-color=\"#443f3f\" data-headings-color=\"#443f3f\" class=\"panel-widget-style panel-widget-style-for-171-2-0-0\" ><div class=\"textwidget\"><h4 style=\"text-align: center;\">Effektivit\u00e4t steht an erster Stelle<\/h4>\n<p style=\"text-align: left;\">Eine programmierte L\u00f6sung muss einen Nutzen bringen. Ein verbesserter Service f\u00fcr die Kunden, ein schnellerer Ablauf f\u00fcr die Mitarbeiter, ein Imagegewinn, vielleicht auch ein nicht materieller Vorteil, etwas davon muss f\u00fcr Sie am Ende stehen.<\/p>\n<p>Gemeinsam er\u00f6rtern wir, ob sich eine Programmierung lohnt oder in welchem Ma\u00dfe die Umsetzung erfolgt.\u00a0Am Ende steht in jedem Fall die f\u00fcr Sie optimale L\u00f6sung.<\/p>\n<\/div><\/div><\/div><div id=\"panel-171-2-0-1\" class=\"so-panel widget widget_sow-button panel-last-child\" data-index=\"4\" ><div style=\"text-align: left;\" data-title-color=\"#443f3f\" data-headings-color=\"#443f3f\" class=\"panel-widget-style panel-widget-style-for-171-2-0-1\" ><div class=\"so-widget-sow-button so-widget-sow-button-atom-4a75a8acc3b6\"><div class=\"ow-button-base ow-button-align-center\">\n\t<a href=\"\/kontakt\" class=\"ow-icon-placement-left ow-button-hover\" \t\t>\n\t\t<span>\n\t\t\t<span class=\"sow-icon-fontawesome sow-far\" data-sow-icon=\"&#xf2b5;\"\n\t\tstyle=\"color: #1c4769\" ><\/span>\n\t\t\tJetzt kontaktieren\t\t<\/span>\n\t<\/a>\n<\/div>\n<\/div><\/div><\/div><\/div><div id=\"pgc-171-2-1\"  class=\"panel-grid-cell\" ><div id=\"panel-171-2-1-0\" class=\"so-panel widget widget_black-studio-tinymce widget_black_studio_tinymce panel-first-child panel-last-child\" data-index=\"5\" ><div style=\"text-align: left;\" data-title-color=\"#443f3f\" data-headings-color=\"#443f3f\" class=\"panel-widget-style panel-widget-style-for-171-2-1-0\" ><div class=\"textwidget\"><p><img class=\"alignnone wp-image-275 size-full\" src=\"http:\/\/www.m-blass.de\/wp-content\/uploads\/2018\/08\/programmierung-2.jpg\" alt=\"\" width=\"1600\" height=\"900\" \/><\/p>\n<\/div><\/div><\/div><\/div><\/div><\/div><\/div>","protected":false},"excerpt":{"rendered":"<p>Programmierung &#8211; alles f\u00fcr den Kunden Es gibt f\u00fcr alles eine L\u00f6sung H\u00e4ufig gibt es f\u00fcr die eigene Anforderung keine Standardl\u00f6sung. Oder es gibt sie und sie ist zu komplex oder zu teuer. Beschreiben Sie uns Ihre Anforderung und wir finden gemeinsam eine L\u00f6sung. Dies kann, insbesondere bei Datenbankanwendungen, eine individuelle Programmierung sein, aber auch [&hellip;]<\/p>\n","protected":false},"author":1,"featured_media":0,"parent":0,"menu_order":0,"comment_status":"closed","ping_status":"closed","template":"page-templates\/page_front-page.php","meta":[],"_links":{"self":[{"href":"https:\/\/www.m-blass.de\/index.php?rest_route=\/wp\/v2\/pages\/171"}],"collection":[{"href":"https:\/\/www.m-blass.de\/index.php?rest_route=\/wp\/v2\/pages"}],"about":[{"href":"https:\/\/www.m-blass.de\/index.php?rest_route=\/wp\/v2\/types\/page"}],"author":[{"embeddable":true,"href":"https:\/\/www.m-blass.de\/index.php?rest_route=\/wp\/v2\/users\/1"}],"replies":[{"embeddable":true,"href":"https:\/\/www.m-blass.de\/index.php?rest_route=%2Fwp%2Fv2%2Fcomments&post=171"}],"version-history":[{"count":16,"href":"https:\/\/www.m-blass.de\/index.php?rest_route=\/wp\/v2\/pages\/171\/revisions"}],"predecessor-version":[{"id":424,"href":"https:\/\/www.m-blass.de\/index.php?rest_route=\/wp\/v2\/pages\/171\/revisions\/424"}],"wp:attachment":[{"href":"https:\/\/www.m-blass.de\/index.php?rest_route=%2Fwp%2Fv2%2Fmedia&parent=171"}],"curies":[{"name":"wp","href":"https:\/\/api.w.org\/{rel}","templated":true}]}}