{"id":10,"date":"2018-08-22T12:59:13","date_gmt":"2018-08-22T10:59:13","guid":{"rendered":"http:\/\/www.m-blass.de\/?page_id=10"},"modified":"2018-09-07T00:09:58","modified_gmt":"2018-09-06T22:09:58","slug":"ueber-mich","status":"publish","type":"page","link":"https:\/\/www.m-blass.de\/?page_id=10","title":{"rendered":"\u00dcber mich"},"content":{"rendered":"<div id=\"pl-10\"  class=\"panel-layout\" ><div id=\"pg-10-0\"  class=\"panel-grid panel-has-style\" ><div class=\"siteorigin-panels-stretch panel-row-style panel-row-style-for-10-0\" style=\"background-image: url(https:\/\/www.m-blass.de\/wp-content\/uploads\/2018\/09\/\u00fcber-mich-header.jpg);padding: 100px 0; \" data-stretch-type=\"full-stretched\" data-hasbg=\"hasbg\" data-overlay=\"true\" data-overlay-color=\"#000000\" ><div id=\"pgc-10-0-0\"  class=\"panel-grid-cell\" ><div id=\"panel-10-0-0-0\" class=\"so-panel widget widget_black-studio-tinymce widget_black_studio_tinymce panel-first-child panel-last-child\" data-index=\"0\" ><div style=\"text-align: left;\" data-title-color=\"#443f3f\" data-headings-color=\"#443f3f\" class=\"panel-widget-style panel-widget-style-for-10-0-0-0\" ><div class=\"textwidget\"><h2 style=\"text-align: center;\"><span style=\"color: #ffffff;\">\u00dcber mich -<\/span><\/h2>\n<h3 style=\"text-align: center;\"><span style=\"color: #ffffff;\">damit Sie wissen, wem Sie Ihre Kunden anvertrauen<\/span><\/h3>\n<\/div><\/div><\/div><\/div><\/div><\/div><div id=\"pg-10-1\"  class=\"panel-grid panel-has-style\" ><div class=\"siteorigin-panels-stretch panel-row-style panel-row-style-for-10-1\" style=\"padding: 0px 0; \" data-stretch-type=\"full-stretched\" data-overlay=\"true\" data-overlay-color=\"#000000\" ><div id=\"pgc-10-1-0\"  class=\"panel-grid-cell\" ><div id=\"panel-10-1-0-0\" class=\"so-panel widget widget_black-studio-tinymce widget_black_studio_tinymce panel-first-child panel-last-child\" data-index=\"1\" ><div style=\"text-align: left;\" data-title-color=\"#443f3f\" data-headings-color=\"#443f3f\" class=\"panel-widget-style panel-widget-style-for-10-1-0-0\" ><div class=\"textwidget\"><p><img class=\"alignnone wp-image-353 size-full\" src=\"http:\/\/www.m-blass.de\/wp-content\/uploads\/2018\/09\/\u00fcber-mich-1.jpg\" alt=\"\" width=\"1600\" height=\"901\" \/><\/p>\n<\/div><\/div><\/div><\/div><div id=\"pgc-10-1-1\"  class=\"panel-grid-cell\" ><div id=\"panel-10-1-1-0\" class=\"so-panel widget widget_black-studio-tinymce widget_black_studio_tinymce panel-first-child panel-last-child\" data-index=\"2\" ><div style=\"text-align: left;\" data-title-color=\"#443f3f\" data-headings-color=\"#443f3f\" class=\"panel-widget-style panel-widget-style-for-10-1-1-0\" ><div class=\"textwidget\"><h3 style=\"text-align: center;\">MICHAEL BLA\u00df<\/h3>\n<p style=\"text-align: left;\">Ich wurde 1966 geboren, bin verheiratet und habe eine Tochter.<\/p>\n<p>Seit rund 20 Jahren bin ich f\u00fcr die strategische Entwicklung des Intranets in einem gro\u00dfen, in Berlin ans\u00e4ssigen,\u00a0 europ\u00e4ischen Unternehmen verantwortlich. Meine gr\u00f6\u00dften Projekte in dieser Zeit waren:<\/p>\n<ul>\n<li>Entwicklung eine Firmenintranets f\u00fcr rund 9.000 Mitarbeiter<\/li>\n<li>Zusammenf\u00fchrung von vier Intranets zu einem Unternehmensintranets<\/li>\n<li>mehrere Relaunch-Projekte<\/li>\n<li>Entwicklung eines unternehmensweiten Telefonverzeichnisses f\u00fcr rund 30.000 Mitarbeiter in 4 L\u00e4ndern<\/li>\n<li>Einbindung und Schulung von Mitarbeitern in den Fachbereichen als regionale Redakteure<\/li>\n<\/ul>\n<p>Parallel dazu habe ich f\u00fcr meine gr\u00f6\u00dften Hobbys, Fu\u00dfball und Sammeln, Portale entwickelt, die anderen Begeisterten dieses Hobby n\u00e4herbringen und vereinfachen. Unter <a class=\"textlink\" href=\"http:\/\/www.m-blass.de\/referenzen\/\">Referenzen<\/a> sehen Sie ein <a class=\"textlink\" href=\"http:\/\/buli.m-blass.de\" target=\"_blank\" rel=\"noopener\">Tipp-Portal<\/a>, mit dem befreundete Fu\u00dfballbegeisterte die Bundesliga tippen k\u00f6nnen und ein <a class=\"textlink\" href=\"http:\/\/mugs.m-blass.de\" target=\"_blank\" rel=\"noopener\">Tassen-Portal<\/a>, welches inzwischen weltweit von mehr als 1.600 Sammlern zur Verwaltung ihrer Sammlungen und zum Finden neuer Tauschpartner genutzt wird.<\/p>\n<p>HTML, CSS, PHP und MySQL geh\u00f6ren somit zu meinen Standard-Werkzeugen.<\/p>\n<\/div><\/div><\/div><\/div><\/div><\/div><\/div>","protected":false},"excerpt":{"rendered":"<p>\u00dcber mich &#8211; damit Sie wissen, wem Sie Ihre Kunden anvertrauen MICHAEL BLA\u00df Ich wurde 1966 geboren, bin verheiratet und habe eine Tochter. Seit rund 20 Jahren bin ich f\u00fcr die strategische Entwicklung des Intranets in einem gro\u00dfen, in Berlin ans\u00e4ssigen,\u00a0 europ\u00e4ischen Unternehmen verantwortlich. Meine gr\u00f6\u00dften Projekte in dieser Zeit waren: Entwicklung eine Firmenintranets f\u00fcr [&hellip;]<\/p>\n","protected":false},"author":1,"featured_media":0,"parent":0,"menu_order":0,"comment_status":"closed","ping_status":"closed","template":"page-templates\/page_front-page.php","meta":[],"_links":{"self":[{"href":"https:\/\/www.m-blass.de\/index.php?rest_route=\/wp\/v2\/pages\/10"}],"collection":[{"href":"https:\/\/www.m-blass.de\/index.php?rest_route=\/wp\/v2\/pages"}],"about":[{"href":"https:\/\/www.m-blass.de\/index.php?rest_route=\/wp\/v2\/types\/page"}],"author":[{"embeddable":true,"href":"https:\/\/www.m-blass.de\/index.php?rest_route=\/wp\/v2\/users\/1"}],"replies":[{"embeddable":true,"href":"https:\/\/www.m-blass.de\/index.php?rest_route=%2Fwp%2Fv2%2Fcomments&post=10"}],"version-history":[{"count":25,"href":"https:\/\/www.m-blass.de\/index.php?rest_route=\/wp\/v2\/pages\/10\/revisions"}],"predecessor-version":[{"id":451,"href":"https:\/\/www.m-blass.de\/index.php?rest_route=\/wp\/v2\/pages\/10\/revisions\/451"}],"wp:attachment":[{"href":"https:\/\/www.m-blass.de\/index.php?rest_route=%2Fwp%2Fv2%2Fmedia&parent=10"}],"curies":[{"name":"wp","href":"https:\/\/api.w.org\/{rel}","templated":true}]}}